{"id":4469,"date":"2024-12-14T18:20:12","date_gmt":"2024-12-14T17:20:12","guid":{"rendered":"https:\/\/grasundhasch.net\/?page_id=4469"},"modified":"2026-02-20T23:57:28","modified_gmt":"2026-02-20T22:57:28","slug":"news-cannabis-social-club-gras-und-hasch","status":"publish","type":"page","link":"https:\/\/grasundhasch.net\/?page_id=4469","title":{"rendered":"News"},"content":{"rendered":"\n<p>Update 20. Februar 2026<\/p>\n\n\n\n<figure class=\"wp-block-image size-large\"><img loading=\"lazy\" decoding=\"async\" width=\"724\" height=\"1024\" src=\"https:\/\/grasundhasch.net\/wp-content\/uploads\/2026\/02\/IMG-20260220-WA0014-724x1024.jpg\" alt=\"\" class=\"wp-image-4954\" srcset=\"https:\/\/grasundhasch.net\/wp-content\/uploads\/2026\/02\/IMG-20260220-WA0014-724x1024.jpg 724w, https:\/\/grasundhasch.net\/wp-content\/uploads\/2026\/02\/IMG-20260220-WA0014-212x300.jpg 212w, https:\/\/grasundhasch.net\/wp-content\/uploads\/2026\/02\/IMG-20260220-WA0014-768x1086.jpg 768w, https:\/\/grasundhasch.net\/wp-content\/uploads\/2026\/02\/IMG-20260220-WA0014-1086x1536.jpg 1086w, https:\/\/grasundhasch.net\/wp-content\/uploads\/2026\/02\/IMG-20260220-WA0014.jpg 1131w\" sizes=\"auto, (max-width: 724px) 100vw, 724px\" \/><\/figure>\n\n\n\n<p><\/p>\n\n\n\n<p><\/p>\n\n\n\n<p><\/p>\n\n\n\n<p><\/p>\n\n\n\n<p><\/p>\n\n\n\n<p>Update 23. Januar 2026<\/p>\n\n\n\n<figure class=\"wp-block-image size-large\"><img loading=\"lazy\" decoding=\"async\" width=\"724\" height=\"1024\" src=\"https:\/\/grasundhasch.net\/wp-content\/uploads\/2026\/02\/IMG-20260123-WA0010-724x1024.jpg\" alt=\"\" class=\"wp-image-4948\" srcset=\"https:\/\/grasundhasch.net\/wp-content\/uploads\/2026\/02\/IMG-20260123-WA0010-724x1024.jpg 724w, https:\/\/grasundhasch.net\/wp-content\/uploads\/2026\/02\/IMG-20260123-WA0010-212x300.jpg 212w, https:\/\/grasundhasch.net\/wp-content\/uploads\/2026\/02\/IMG-20260123-WA0010-768x1086.jpg 768w, https:\/\/grasundhasch.net\/wp-content\/uploads\/2026\/02\/IMG-20260123-WA0010-1086x1536.jpg 1086w, https:\/\/grasundhasch.net\/wp-content\/uploads\/2026\/02\/IMG-20260123-WA0010.jpg 1240w\" sizes=\"auto, (max-width: 724px) 100vw, 724px\" \/><\/figure>\n\n\n\n<p><\/p>\n\n\n\n<p>Update 27.September 2025<\/p>\n\n\n\n<p>Liebe Community, liebe Interessierte,<\/p>\n\n\n\n<p>Seit einigen Wochen haben unsere Mitglieder die M\u00f6glichkeit Iceolator Wasserhasch in Pulverform in den Maschenweiten 70\u00b5 und 25\u00b5 und trocken abgesiebtes\/ Pollinator Hasch in Pulverform zu erwerben. Ab n\u00e4chster Woche werden wir anfangen bearbeitetes\/ gepresstes Hasch anzubieten. Unsere potentesten Sorten wurden zu \u201eTemple Balls\u201c verarbeitet und befinden sich momentan in Reifung\u2026.mindestens ein bis zwei Monate m\u00fcssen wir auf diese Leckerbissen noch warten\u2026<\/p>\n\n\n\n<p>bleibt gesund und happy!<\/p>\n\n\n\n<p><\/p>\n\n\n\n<p><\/p>\n\n\n\n<p><\/p>\n\n\n\n<p><\/p>\n\n\n\n<p><\/p>\n\n\n\n<p>Update 17.Juli 2025<\/p>\n\n\n\n<p>Moin Moin,<\/p>\n\n\n\n<p>wir haben wunderbare Neuigkeiten f\u00fcr euch;) Gestern hatten wir unsere erste amtliche Kontrolle &#8211; und wir k\u00f6nnen (einkleinbi\u00dfchenstolz) mitteilen, dass es keine Beanstandungen gab! Die Beh\u00f6rden sind happy und wir sind es auch! Au\u00dferdem haben wir die Genehmigung erhalten auf unseren Au\u00dfenfl\u00e4chen anzubauen und Hasch herzustellen:) Mit der Haschproduktion werden wir sehr bald beginnen, der Outdoor-Grow bzw. die Gew\u00e4chshauszucht startet dann im n\u00e4chsten Fr\u00fchjahr. Aktuell haben wir die Sorten: Slightly stoopid Collie Man Kush, Poddy Mouth, Gazzurple, All Gas OG, Blueberry Pancake, Banana Mango, Cannalope Haze und Blueberry Cupcake. In den n\u00e4chsten Wochen kommen Runtz, MAC V2 und andere dazu. Von den meisten Sorten wird es dann sehr bald auch Hasch geben.<\/p>\n\n\n\n<p>Genie\u00dft die Sonne:) Bis bald&#8230; <\/p>\n\n\n\n<p><\/p>\n\n\n\n<p><\/p>\n\n\n\n<p><\/p>\n\n\n\n<p><\/p>\n\n\n\n<p><\/p>\n\n\n\n<p><br><br> Hallo Freunde der Botanik,<br><br>die erste Ausgabe am Sonntag den 04.05.25 war spitze! <\/p>\n\n\n\n<p>wenn ihr euch \u00fcber Cannanas bei uns anmeldet, k\u00f6nnt ihr ab sofort online Cannabis vorbestellen und w\u00f6chentlich in L\u00fcneburg abholen. Gerne w\u00fcrden wir euch an dieser Stelle einen Einblick in vorhandene Sorten geben und ein paar Fotos von den M\u00e4dels pr\u00e4sentieren aber wir d\u00fcrfen nicht werben, also geht das leider nur nach Anmeldung\/f\u00fcr Mitglieder&#8230;<\/p>\n\n\n\n<p><\/p>\n\n\n\n<p>Peace!<br><\/p>\n\n\n\n<p><\/p>\n","protected":false},"excerpt":{"rendered":"<p>Update 20. Februar 2026 Update 23. Januar 2026 Update 27.September 2025 Liebe Community, liebe Interessierte, Seit einigen Wochen haben unsere Mitglieder die M\u00f6glichkeit Iceolator Wasserhasch in Pulverform in den Maschenweiten 70\u00b5 und 25\u00b5 und trocken abgesiebtes\/ Pollinator Hasch in Pulverform zu erwerben. Ab n\u00e4chster Woche werden wir anfangen bearbeitetes\/ gepresstes Hasch anzubieten. Unsere potentesten Sorten &#8230; <a title=\"News\" class=\"read-more\" href=\"https:\/\/grasundhasch.net\/?page_id=4469\" aria-label=\"Mehr zu News\">Weiterlesen &#8230;<\/a><\/p>\n","protected":false},"author":2,"featured_media":0,"parent":0,"menu_order":0,"comment_status":"closed","ping_status":"closed","template":"","meta":{"footnotes":""},"class_list":["post-4469","page","type-page","status-publish","hentry"],"yoast_head":"<!-- This site is optimized with the Yoast SEO plugin v27.3 - https:\/\/yoast.com\/product\/yoast-seo-wordpress\/ -->\n<title>News - Gras &amp; Hasch Verein L\u00fcneburg<\/title>\n<meta name=\"description\" content=\"Neuigkeiten vom Cannabis Social Club Gras und Hasch aus L\u00fcneburg.\" \/>\n<meta name=\"robots\" content=\"index, follow, max-snippet:-1, max-image-preview:large, max-video-preview:-1\" \/>\n<link rel=\"canonical\" href=\"https:\/\/grasundhasch.net\/?page_id=4469\" \/>\n<meta property=\"og:locale\" content=\"de_DE\" \/>\n<meta property=\"og:type\" content=\"article\" \/>\n<meta property=\"og:title\" content=\"News - Gras &amp; Hasch Verein L\u00fcneburg\" \/>\n<meta property=\"og:description\" content=\"Neuigkeiten vom Cannabis Social Club Gras und Hasch aus L\u00fcneburg.\" \/>\n<meta property=\"og:url\" content=\"https:\/\/grasundhasch.net\/?page_id=4469\" \/>\n<meta property=\"og:site_name\" content=\"Gras &amp; Hasch Verein L\u00fcneburg\" \/>\n<meta property=\"article:modified_time\" content=\"2026-02-20T22:57:28+00:00\" \/>\n<meta property=\"og:image\" content=\"https:\/\/grasundhasch.net\/wp-content\/uploads\/2026\/02\/IMG-20260220-WA0014.jpg\" \/>\n\t<meta property=\"og:image:width\" content=\"1131\" \/>\n\t<meta property=\"og:image:height\" content=\"1599\" \/>\n\t<meta property=\"og:image:type\" content=\"image\/jpeg\" \/>\n<meta name=\"twitter:card\" content=\"summary_large_image\" \/>\n<meta name=\"twitter:label1\" content=\"Gesch\u00e4tzte Lesezeit\" \/>\n\t<meta name=\"twitter:data1\" content=\"2\u00a0Minuten\" \/>\n<script type=\"application\/ld+json\" class=\"yoast-schema-graph\">{\"@context\":\"https:\\\/\\\/schema.org\",\"@graph\":[{\"@type\":\"WebPage\",\"@id\":\"https:\\\/\\\/grasundhasch.net\\\/?page_id=4469\",\"url\":\"https:\\\/\\\/grasundhasch.net\\\/?page_id=4469\",\"name\":\"News - Gras &amp; Hasch Verein L\u00fcneburg\",\"isPartOf\":{\"@id\":\"https:\\\/\\\/grasundhasch.net\\\/#website\"},\"primaryImageOfPage\":{\"@id\":\"https:\\\/\\\/grasundhasch.net\\\/?page_id=4469#primaryimage\"},\"image\":{\"@id\":\"https:\\\/\\\/grasundhasch.net\\\/?page_id=4469#primaryimage\"},\"thumbnailUrl\":\"https:\\\/\\\/grasundhasch.net\\\/wp-content\\\/uploads\\\/2026\\\/02\\\/IMG-20260220-WA0014-724x1024.jpg\",\"datePublished\":\"2024-12-14T17:20:12+00:00\",\"dateModified\":\"2026-02-20T22:57:28+00:00\",\"description\":\"Neuigkeiten vom Cannabis Social Club Gras und Hasch aus L\u00fcneburg.\",\"breadcrumb\":{\"@id\":\"https:\\\/\\\/grasundhasch.net\\\/?page_id=4469#breadcrumb\"},\"inLanguage\":\"de\",\"potentialAction\":[{\"@type\":\"ReadAction\",\"target\":[\"https:\\\/\\\/grasundhasch.net\\\/?page_id=4469\"]}]},{\"@type\":\"ImageObject\",\"inLanguage\":\"de\",\"@id\":\"https:\\\/\\\/grasundhasch.net\\\/?page_id=4469#primaryimage\",\"url\":\"https:\\\/\\\/grasundhasch.net\\\/wp-content\\\/uploads\\\/2026\\\/02\\\/IMG-20260220-WA0014.jpg\",\"contentUrl\":\"https:\\\/\\\/grasundhasch.net\\\/wp-content\\\/uploads\\\/2026\\\/02\\\/IMG-20260220-WA0014.jpg\",\"width\":1131,\"height\":1599},{\"@type\":\"BreadcrumbList\",\"@id\":\"https:\\\/\\\/grasundhasch.net\\\/?page_id=4469#breadcrumb\",\"itemListElement\":[{\"@type\":\"ListItem\",\"position\":1,\"name\":\"Startseite\",\"item\":\"https:\\\/\\\/grasundhasch.net\\\/\"},{\"@type\":\"ListItem\",\"position\":2,\"name\":\"News\"}]},{\"@type\":\"WebSite\",\"@id\":\"https:\\\/\\\/grasundhasch.net\\\/#website\",\"url\":\"https:\\\/\\\/grasundhasch.net\\\/\",\"name\":\"grasundhasch.net\",\"description\":\"Gras &amp; Hasch Cannabis Club  L\u00fcneburg\",\"publisher\":{\"@id\":\"https:\\\/\\\/grasundhasch.net\\\/#organization\"},\"potentialAction\":[{\"@type\":\"SearchAction\",\"target\":{\"@type\":\"EntryPoint\",\"urlTemplate\":\"https:\\\/\\\/grasundhasch.net\\\/?s={search_term_string}\"},\"query-input\":{\"@type\":\"PropertyValueSpecification\",\"valueRequired\":true,\"valueName\":\"search_term_string\"}}],\"inLanguage\":\"de\"},{\"@type\":\"Organization\",\"@id\":\"https:\\\/\\\/grasundhasch.net\\\/#organization\",\"name\":\"Gras & Hasch e.V.\",\"url\":\"https:\\\/\\\/grasundhasch.net\\\/\",\"logo\":{\"@type\":\"ImageObject\",\"inLanguage\":\"de\",\"@id\":\"https:\\\/\\\/grasundhasch.net\\\/#\\\/schema\\\/logo\\\/image\\\/\",\"url\":\"https:\\\/\\\/grasundhasch.net\\\/wp-content\\\/uploads\\\/2025\\\/01\\\/gras_hasch_wallpaper_2_werdasliestisteinpothead-scaled.jpg\",\"contentUrl\":\"https:\\\/\\\/grasundhasch.net\\\/wp-content\\\/uploads\\\/2025\\\/01\\\/gras_hasch_wallpaper_2_werdasliestisteinpothead-scaled.jpg\",\"width\":2560,\"height\":1440,\"caption\":\"Gras & Hasch e.V.\"},\"image\":{\"@id\":\"https:\\\/\\\/grasundhasch.net\\\/#\\\/schema\\\/logo\\\/image\\\/\"}}]}<\/script>\n<!-- \/ Yoast SEO plugin. -->","yoast_head_json":{"title":"News - Gras &amp; Hasch Verein L\u00fcneburg","description":"Neuigkeiten vom Cannabis Social Club Gras und Hasch aus L\u00fcneburg.","robots":{"index":"index","follow":"follow","max-snippet":"max-snippet:-1","max-image-preview":"max-image-preview:large","max-video-preview":"max-video-preview:-1"},"canonical":"https:\/\/grasundhasch.net\/?page_id=4469","og_locale":"de_DE","og_type":"article","og_title":"News - Gras &amp; Hasch Verein L\u00fcneburg","og_description":"Neuigkeiten vom Cannabis Social Club Gras und Hasch aus L\u00fcneburg.","og_url":"https:\/\/grasundhasch.net\/?page_id=4469","og_site_name":"Gras &amp; Hasch Verein L\u00fcneburg","article_modified_time":"2026-02-20T22:57:28+00:00","og_image":[{"width":1131,"height":1599,"url":"https:\/\/grasundhasch.net\/wp-content\/uploads\/2026\/02\/IMG-20260220-WA0014.jpg","type":"image\/jpeg"}],"twitter_card":"summary_large_image","twitter_misc":{"Gesch\u00e4tzte Lesezeit":"2\u00a0Minuten"},"schema":{"@context":"https:\/\/schema.org","@graph":[{"@type":"WebPage","@id":"https:\/\/grasundhasch.net\/?page_id=4469","url":"https:\/\/grasundhasch.net\/?page_id=4469","name":"News - Gras &amp; Hasch Verein L\u00fcneburg","isPartOf":{"@id":"https:\/\/grasundhasch.net\/#website"},"primaryImageOfPage":{"@id":"https:\/\/grasundhasch.net\/?page_id=4469#primaryimage"},"image":{"@id":"https:\/\/grasundhasch.net\/?page_id=4469#primaryimage"},"thumbnailUrl":"https:\/\/grasundhasch.net\/wp-content\/uploads\/2026\/02\/IMG-20260220-WA0014-724x1024.jpg","datePublished":"2024-12-14T17:20:12+00:00","dateModified":"2026-02-20T22:57:28+00:00","description":"Neuigkeiten vom Cannabis Social Club Gras und Hasch aus L\u00fcneburg.","breadcrumb":{"@id":"https:\/\/grasundhasch.net\/?page_id=4469#breadcrumb"},"inLanguage":"de","potentialAction":[{"@type":"ReadAction","target":["https:\/\/grasundhasch.net\/?page_id=4469"]}]},{"@type":"ImageObject","inLanguage":"de","@id":"https:\/\/grasundhasch.net\/?page_id=4469#primaryimage","url":"https:\/\/grasundhasch.net\/wp-content\/uploads\/2026\/02\/IMG-20260220-WA0014.jpg","contentUrl":"https:\/\/grasundhasch.net\/wp-content\/uploads\/2026\/02\/IMG-20260220-WA0014.jpg","width":1131,"height":1599},{"@type":"BreadcrumbList","@id":"https:\/\/grasundhasch.net\/?page_id=4469#breadcrumb","itemListElement":[{"@type":"ListItem","position":1,"name":"Startseite","item":"https:\/\/grasundhasch.net\/"},{"@type":"ListItem","position":2,"name":"News"}]},{"@type":"WebSite","@id":"https:\/\/grasundhasch.net\/#website","url":"https:\/\/grasundhasch.net\/","name":"grasundhasch.net","description":"Gras &amp; Hasch Cannabis Club  L\u00fcneburg","publisher":{"@id":"https:\/\/grasundhasch.net\/#organization"},"potentialAction":[{"@type":"SearchAction","target":{"@type":"EntryPoint","urlTemplate":"https:\/\/grasundhasch.net\/?s={search_term_string}"},"query-input":{"@type":"PropertyValueSpecification","valueRequired":true,"valueName":"search_term_string"}}],"inLanguage":"de"},{"@type":"Organization","@id":"https:\/\/grasundhasch.net\/#organization","name":"Gras & Hasch e.V.","url":"https:\/\/grasundhasch.net\/","logo":{"@type":"ImageObject","inLanguage":"de","@id":"https:\/\/grasundhasch.net\/#\/schema\/logo\/image\/","url":"https:\/\/grasundhasch.net\/wp-content\/uploads\/2025\/01\/gras_hasch_wallpaper_2_werdasliestisteinpothead-scaled.jpg","contentUrl":"https:\/\/grasundhasch.net\/wp-content\/uploads\/2025\/01\/gras_hasch_wallpaper_2_werdasliestisteinpothead-scaled.jpg","width":2560,"height":1440,"caption":"Gras & Hasch e.V."},"image":{"@id":"https:\/\/grasundhasch.net\/#\/schema\/logo\/image\/"}}]}},"_links":{"self":[{"href":"https:\/\/grasundhasch.net\/index.php?rest_route=\/wp\/v2\/pages\/4469","targetHints":{"allow":["GET"]}}],"collection":[{"href":"https:\/\/grasundhasch.net\/index.php?rest_route=\/wp\/v2\/pages"}],"about":[{"href":"https:\/\/grasundhasch.net\/index.php?rest_route=\/wp\/v2\/types\/page"}],"author":[{"embeddable":true,"href":"https:\/\/grasundhasch.net\/index.php?rest_route=\/wp\/v2\/users\/2"}],"replies":[{"embeddable":true,"href":"https:\/\/grasundhasch.net\/index.php?rest_route=%2Fwp%2Fv2%2Fcomments&post=4469"}],"version-history":[{"count":9,"href":"https:\/\/grasundhasch.net\/index.php?rest_route=\/wp\/v2\/pages\/4469\/revisions"}],"predecessor-version":[{"id":4956,"href":"https:\/\/grasundhasch.net\/index.php?rest_route=\/wp\/v2\/pages\/4469\/revisions\/4956"}],"wp:attachment":[{"href":"https:\/\/grasundhasch.net\/index.php?rest_route=%2Fwp%2Fv2%2Fmedia&parent=4469"}],"curies":[{"name":"wp","href":"https:\/\/api.w.org\/{rel}","templated":true}]}}