{"id":3556,"date":"2020-09-18T14:36:50","date_gmt":"2020-09-18T14:36:50","guid":{"rendered":"https:\/\/gpsites.co\/wired\/?page_id=3556"},"modified":"2026-02-20T22:51:44","modified_gmt":"2026-02-20T21:51:44","slug":"leitfaden-gras-und-hasch-e-v","status":"publish","type":"page","link":"https:\/\/grasundhasch.net\/?page_id=3556","title":{"rendered":"Leitfaden"},"content":{"rendered":"<div class=\"gb-container gb-container-eeb3783e\">\n\n<h2 class=\"gb-headline gb-headline-eb9d7c1e gb-headline-text\">Leitfaden fu\u0308r den Gras <strong>&amp;<\/strong> Hasch  Cannabis Club<\/h2>\n\n\n\n<p><\/p>\n\n<\/div>\n\n\n<div class=\"wp-block-group is-nowrap is-layout-flex wp-container-core-group-is-layout-ad2f72ca wp-block-group-is-layout-flex\">\n<p>Endlich d\u00fcrfen wir im gesetzlichen Rahmen qualitativ hochwertiges Cannabis anbauen und sorgf\u00e4ltig verarbeitete Produkte f\u00fcr unsere Mitglieder bereitstellen. Genau daf\u00fcr stehen wir.<\/p>\n<\/div>\n\n\n\n<p>Werdet Teil des Vereins und begleitet uns auf diesem Weg \u2013 wir freuen uns darauf, euch in unserer Gemeinschaft willkommen zu hei\u00dfen.<\/p>\n\n\n\n<h3 class=\"wp-block-heading\">Qualit\u00e4t <strong>&amp;<\/strong> Preise<\/h3>\n\n\n\n<p>Unsere Qualit\u00e4tsstandards und die zuverl\u00e4ssige Versorgung unserer Mitglieder stehen f\u00fcr uns an erster Stelle. Dabei entwickeln wir unser Angebot kontinuierlich weiter und ber\u00fccksichtigen aktiv euer Feedback, eure W\u00fcnsche und Verbesserungsvorschl\u00e4ge in unserer Planung.<\/p>\n\n\n\n<p>Unsere Ausgabestelle befindet sich zentral im Herzen von L\u00fcneburg im Pons. Seit April 2025 erfolgt dort die Abgabe der angebauten Cannabisprodukte an unsere Mitglieder. Zun\u00e4chst einmal w\u00f6chentlich.<\/p>\n\n\n\n<p>Der Mitgliedsbeitrag betr\u00e4gt 5 \u20ac\/ Monat (60\u20ac\/Jahr).<\/p>\n\n\n\n<p>Die Preise f\u00fcr die Cannabis-Bl\u00fcten liegen zwischen 6 &amp; 9 \u20ac\/g.<\/p>\n\n\n\n<p>Die f\u00fcr\u00b4s Hasch (Wasserhasch und Trockensiebung) zwischen 10 &amp; 20 \u20ac\/g.<\/p>\n\n\n\n<p>Da wir unsere Ernten regelm\u00e4\u00dfig analysieren lassen und mit viel Liebe angebaut wird, d\u00fcrft ihr euch auf ein sauberes und hochwertiges Endprodukt freuen!<\/p>\n\n\n\n<h3 class=\"wp-block-heading\">Jugendschutz<\/h3>\n\n\n\n<p>Der Jugendschutz und das Wohl unserer Mitglieder liegen uns sehr am Herzen, deshalb nehmen wir nur Menschen auf, welche das 21. Lebensjahr vollendet haben. <\/p>\n\n\n\n<p>Diskretion &amp; Vertraulichkeit im Umgang mit euren Daten haben bei uns oberste Priorit\u00e4t!<br>Die gesetzlich geforderte \u00dcbermittlung an die Landwirtschaftskammer Niedersachsen erfolgt ausschlie\u00dflich in anonymisierter Form.<br>Es werden keine Namen, Adressen oder sonstigen personenbezogenen Daten von euch in identifizierbarer Form weitergegeben, niemals!!<\/p>\n\n\n\n<p><\/p>\n","protected":false},"excerpt":{"rendered":"<p>Leitfaden fu\u0308r den Gras &amp; Hasch Cannabis Club Endlich d\u00fcrfen wir im gesetzlichen Rahmen qualitativ hochwertiges Cannabis anbauen und sorgf\u00e4ltig verarbeitete Produkte f\u00fcr unsere Mitglieder bereitstellen. Genau daf\u00fcr stehen wir. Werdet Teil des Vereins und begleitet uns auf diesem Weg \u2013 wir freuen uns darauf, euch in unserer Gemeinschaft willkommen zu hei\u00dfen. Qualit\u00e4t &amp; Preise &#8230; <a title=\"Leitfaden\" class=\"read-more\" href=\"https:\/\/grasundhasch.net\/?page_id=3556\" aria-label=\"Mehr zu Leitfaden\">Weiterlesen &#8230;<\/a><\/p>\n","protected":false},"author":1,"featured_media":0,"parent":0,"menu_order":0,"comment_status":"closed","ping_status":"closed","template":"","meta":{"footnotes":""},"class_list":["post-3556","page","type-page","status-publish","hentry"],"yoast_head":"<!-- This site is optimized with the Yoast SEO plugin v27.3 - https:\/\/yoast.com\/product\/yoast-seo-wordpress\/ -->\n<title>Leitfaden - Gras &amp; Hasch Verein L\u00fcneburg<\/title>\n<meta name=\"description\" content=\"Erfahrt mehr \u00fcber den Gras und Hasch e.V. in unserem Leitfaden.\" \/>\n<meta name=\"robots\" content=\"index, follow, max-snippet:-1, max-image-preview:large, max-video-preview:-1\" \/>\n<link rel=\"canonical\" href=\"https:\/\/grasundhasch.net\/?page_id=3556\" \/>\n<meta property=\"og:locale\" content=\"de_DE\" \/>\n<meta property=\"og:type\" content=\"article\" \/>\n<meta property=\"og:title\" content=\"Leitfaden - Gras &amp; Hasch Verein L\u00fcneburg\" \/>\n<meta property=\"og:description\" content=\"Erfahrt mehr \u00fcber den Gras und Hasch e.V. in unserem Leitfaden.\" \/>\n<meta property=\"og:url\" content=\"https:\/\/grasundhasch.net\/?page_id=3556\" \/>\n<meta property=\"og:site_name\" content=\"Gras &amp; Hasch Verein L\u00fcneburg\" \/>\n<meta property=\"article:modified_time\" content=\"2026-02-20T21:51:44+00:00\" \/>\n<meta name=\"twitter:card\" content=\"summary_large_image\" \/>\n<meta name=\"twitter:label1\" content=\"Gesch\u00e4tzte Lesezeit\" \/>\n\t<meta name=\"twitter:data1\" content=\"2\u00a0Minuten\" \/>\n<script type=\"application\/ld+json\" class=\"yoast-schema-graph\">{\"@context\":\"https:\\\/\\\/schema.org\",\"@graph\":[{\"@type\":\"WebPage\",\"@id\":\"https:\\\/\\\/grasundhasch.net\\\/?page_id=3556\",\"url\":\"https:\\\/\\\/grasundhasch.net\\\/?page_id=3556\",\"name\":\"Leitfaden - Gras &amp; Hasch Verein L\u00fcneburg\",\"isPartOf\":{\"@id\":\"https:\\\/\\\/grasundhasch.net\\\/#website\"},\"datePublished\":\"2020-09-18T14:36:50+00:00\",\"dateModified\":\"2026-02-20T21:51:44+00:00\",\"description\":\"Erfahrt mehr \u00fcber den Gras und Hasch e.V. in unserem Leitfaden.\",\"breadcrumb\":{\"@id\":\"https:\\\/\\\/grasundhasch.net\\\/?page_id=3556#breadcrumb\"},\"inLanguage\":\"de\",\"potentialAction\":[{\"@type\":\"ReadAction\",\"target\":[\"https:\\\/\\\/grasundhasch.net\\\/?page_id=3556\"]}]},{\"@type\":\"BreadcrumbList\",\"@id\":\"https:\\\/\\\/grasundhasch.net\\\/?page_id=3556#breadcrumb\",\"itemListElement\":[{\"@type\":\"ListItem\",\"position\":1,\"name\":\"Startseite\",\"item\":\"https:\\\/\\\/grasundhasch.net\\\/\"},{\"@type\":\"ListItem\",\"position\":2,\"name\":\"Leitfaden\"}]},{\"@type\":\"WebSite\",\"@id\":\"https:\\\/\\\/grasundhasch.net\\\/#website\",\"url\":\"https:\\\/\\\/grasundhasch.net\\\/\",\"name\":\"grasundhasch.net\",\"description\":\"Gras &amp; Hasch Cannabis Club  L\u00fcneburg\",\"publisher\":{\"@id\":\"https:\\\/\\\/grasundhasch.net\\\/#organization\"},\"potentialAction\":[{\"@type\":\"SearchAction\",\"target\":{\"@type\":\"EntryPoint\",\"urlTemplate\":\"https:\\\/\\\/grasundhasch.net\\\/?s={search_term_string}\"},\"query-input\":{\"@type\":\"PropertyValueSpecification\",\"valueRequired\":true,\"valueName\":\"search_term_string\"}}],\"inLanguage\":\"de\"},{\"@type\":\"Organization\",\"@id\":\"https:\\\/\\\/grasundhasch.net\\\/#organization\",\"name\":\"Gras & Hasch e.V.\",\"url\":\"https:\\\/\\\/grasundhasch.net\\\/\",\"logo\":{\"@type\":\"ImageObject\",\"inLanguage\":\"de\",\"@id\":\"https:\\\/\\\/grasundhasch.net\\\/#\\\/schema\\\/logo\\\/image\\\/\",\"url\":\"https:\\\/\\\/grasundhasch.net\\\/wp-content\\\/uploads\\\/2025\\\/01\\\/gras_hasch_wallpaper_2_werdasliestisteinpothead-scaled.jpg\",\"contentUrl\":\"https:\\\/\\\/grasundhasch.net\\\/wp-content\\\/uploads\\\/2025\\\/01\\\/gras_hasch_wallpaper_2_werdasliestisteinpothead-scaled.jpg\",\"width\":2560,\"height\":1440,\"caption\":\"Gras & Hasch e.V.\"},\"image\":{\"@id\":\"https:\\\/\\\/grasundhasch.net\\\/#\\\/schema\\\/logo\\\/image\\\/\"}}]}<\/script>\n<!-- \/ Yoast SEO plugin. -->","yoast_head_json":{"title":"Leitfaden - Gras &amp; Hasch Verein L\u00fcneburg","description":"Erfahrt mehr \u00fcber den Gras und Hasch e.V. in unserem Leitfaden.","robots":{"index":"index","follow":"follow","max-snippet":"max-snippet:-1","max-image-preview":"max-image-preview:large","max-video-preview":"max-video-preview:-1"},"canonical":"https:\/\/grasundhasch.net\/?page_id=3556","og_locale":"de_DE","og_type":"article","og_title":"Leitfaden - Gras &amp; Hasch Verein L\u00fcneburg","og_description":"Erfahrt mehr \u00fcber den Gras und Hasch e.V. in unserem Leitfaden.","og_url":"https:\/\/grasundhasch.net\/?page_id=3556","og_site_name":"Gras &amp; Hasch Verein L\u00fcneburg","article_modified_time":"2026-02-20T21:51:44+00:00","twitter_card":"summary_large_image","twitter_misc":{"Gesch\u00e4tzte Lesezeit":"2\u00a0Minuten"},"schema":{"@context":"https:\/\/schema.org","@graph":[{"@type":"WebPage","@id":"https:\/\/grasundhasch.net\/?page_id=3556","url":"https:\/\/grasundhasch.net\/?page_id=3556","name":"Leitfaden - Gras &amp; Hasch Verein L\u00fcneburg","isPartOf":{"@id":"https:\/\/grasundhasch.net\/#website"},"datePublished":"2020-09-18T14:36:50+00:00","dateModified":"2026-02-20T21:51:44+00:00","description":"Erfahrt mehr \u00fcber den Gras und Hasch e.V. in unserem Leitfaden.","breadcrumb":{"@id":"https:\/\/grasundhasch.net\/?page_id=3556#breadcrumb"},"inLanguage":"de","potentialAction":[{"@type":"ReadAction","target":["https:\/\/grasundhasch.net\/?page_id=3556"]}]},{"@type":"BreadcrumbList","@id":"https:\/\/grasundhasch.net\/?page_id=3556#breadcrumb","itemListElement":[{"@type":"ListItem","position":1,"name":"Startseite","item":"https:\/\/grasundhasch.net\/"},{"@type":"ListItem","position":2,"name":"Leitfaden"}]},{"@type":"WebSite","@id":"https:\/\/grasundhasch.net\/#website","url":"https:\/\/grasundhasch.net\/","name":"grasundhasch.net","description":"Gras &amp; Hasch Cannabis Club  L\u00fcneburg","publisher":{"@id":"https:\/\/grasundhasch.net\/#organization"},"potentialAction":[{"@type":"SearchAction","target":{"@type":"EntryPoint","urlTemplate":"https:\/\/grasundhasch.net\/?s={search_term_string}"},"query-input":{"@type":"PropertyValueSpecification","valueRequired":true,"valueName":"search_term_string"}}],"inLanguage":"de"},{"@type":"Organization","@id":"https:\/\/grasundhasch.net\/#organization","name":"Gras & Hasch e.V.","url":"https:\/\/grasundhasch.net\/","logo":{"@type":"ImageObject","inLanguage":"de","@id":"https:\/\/grasundhasch.net\/#\/schema\/logo\/image\/","url":"https:\/\/grasundhasch.net\/wp-content\/uploads\/2025\/01\/gras_hasch_wallpaper_2_werdasliestisteinpothead-scaled.jpg","contentUrl":"https:\/\/grasundhasch.net\/wp-content\/uploads\/2025\/01\/gras_hasch_wallpaper_2_werdasliestisteinpothead-scaled.jpg","width":2560,"height":1440,"caption":"Gras & Hasch e.V."},"image":{"@id":"https:\/\/grasundhasch.net\/#\/schema\/logo\/image\/"}}]}},"_links":{"self":[{"href":"https:\/\/grasundhasch.net\/index.php?rest_route=\/wp\/v2\/pages\/3556","targetHints":{"allow":["GET"]}}],"collection":[{"href":"https:\/\/grasundhasch.net\/index.php?rest_route=\/wp\/v2\/pages"}],"about":[{"href":"https:\/\/grasundhasch.net\/index.php?rest_route=\/wp\/v2\/types\/page"}],"author":[{"embeddable":true,"href":"https:\/\/grasundhasch.net\/index.php?rest_route=\/wp\/v2\/users\/1"}],"replies":[{"embeddable":true,"href":"https:\/\/grasundhasch.net\/index.php?rest_route=%2Fwp%2Fv2%2Fcomments&post=3556"}],"version-history":[{"count":9,"href":"https:\/\/grasundhasch.net\/index.php?rest_route=\/wp\/v2\/pages\/3556\/revisions"}],"predecessor-version":[{"id":4968,"href":"https:\/\/grasundhasch.net\/index.php?rest_route=\/wp\/v2\/pages\/3556\/revisions\/4968"}],"wp:attachment":[{"href":"https:\/\/grasundhasch.net\/index.php?rest_route=%2Fwp%2Fv2%2Fmedia&parent=3556"}],"curies":[{"name":"wp","href":"https:\/\/api.w.org\/{rel}","templated":true}]}}