{"id":3554,"date":"2024-05-23T12:35:36","date_gmt":"2024-05-23T10:35:36","guid":{"rendered":"https:\/\/gpsites.co\/wired\/?page_id=3554"},"modified":"2026-02-20T22:45:14","modified_gmt":"2026-02-20T21:45:14","slug":"cannabis-club-in-lueneburg-csc-lueneburg-social-club-niedersachsen-g-und-h-gras-und-hash-haschisch-gras-mariuhana","status":"publish","type":"page","link":"https:\/\/grasundhasch.net\/","title":{"rendered":"Anmeldung"},"content":{"rendered":"\n<p><\/p>\n\n\n\n<p class=\"has-base-3-color has-text-color has-link-color wp-elements-682ddb0eeb743a1908d7d452a1af4dc7\"><strong>Moin,<\/strong><br>Wir laden euch herzlich ein, Mitglied im Gras &amp; Hasch e.V.  zu werden\u2013 eurem Cannabis Social Club in L\u00fcneburg.<\/p>\n\n\n\n<p class=\"has-base-3-color has-text-color has-link-color wp-elements-6f092ca53d6435c60b91100b62e0fa00\">Wir sind ein engagierter Verein, der sich f\u00fcr einen verantwortungsbewussten, informierten und offenen Umgang mit Cannabis stark macht.<\/p>\n\n\n\n<p>Unsere Mitglieder haben Zugang zu getestetem sauberem Cannabis,  verschiedenen Hasch-Produkten und die M\u00f6glichkeit an Informationsveranstaltungen und Events des Vereins teilzunehmen.<\/p>\n\n\n\n<p>Bei uns findest du Menschen, die zuh\u00f6ren, unterst\u00fctzen und bei Fragen oder Herausforderungen rund um den Cannabiskonsum kompetent weiterhelfen.<\/p>\n\n\n\n<p class=\"has-base-3-color has-text-color has-link-color wp-elements-cd0cdbf508c5357dd75b80e8974711fc\">Wir freuen uns auf euch!<\/p>\n\n\n\n<p class=\"has-base-3-color has-text-color has-link-color wp-elements-d368a039019350fed1410bfad43f1b67\"><\/p>\n\n\n\n<a class=\"gb-button gb-button-9d609767\" href=\"https:\/\/grasundhasch.net\/?page_id=3556\"><span class=\"gb-button-text\">Weiter lesen<\/span><span class=\"gb-icon\"><svg xmlns=\"http:\/\/www.w3.org\/2000\/svg\" viewBox=\"0 0 256 512\" width=\"1em\" height=\"1em\" aria-hidden=\"true\"><path d=\"M224.3 273l-136 136c-9.4 9.4-24.6 9.4-33.9 0l-22.6-22.6c-9.4-9.4-9.4-24.6 0-33.9l96.4-96.4-96.4-96.4c-9.4-9.4-9.4-24.6 0-33.9L54.3 103c9.4-9.4 24.6-9.4 33.9 0l136 136c9.5 9.4 9.5 24.6.1 34z\" fill=\"currentColor\"><\/path><\/svg><\/span><\/a>\n\n\n\n<p><\/p>\n\n\n\n<p class=\"has-text-align-center\">Um Mitglied zu werden und f\u00fcr ausf\u00fchrliche Informationen, klick auf den Button und melde dich an!<\/p>\n\n\n<div class=\"gb-container gb-container-8ba29c41\">\n\n<p><\/p>\n\n<\/div>\n\n\n<div class=\"wp-block-buttons is-content-justification-center is-layout-flex wp-container-core-buttons-is-layout-16018d1d wp-block-buttons-is-layout-flex\">\n<div class=\"wp-block-button\"><a class=\"wp-block-button__link wp-element-button\" href=\"https:\/\/account.cannanas.club\/register-frame\/dx1szDQlYTIUQVg9HMoLEDK6t7f0AyY_\" target=\"_blank\" rel=\"noreferrer noopener\">Anmelden<\/a><\/div>\n<\/div>\n\n\n\n<p><\/p>\n\n\n\n<p><\/p>\n\n\n\n<p class=\"has-text-align-center\">Habt ihr Fragen? Ruft gerne an oder schreibt ne Whats App an:   <strong>0160 7693741<\/strong><\/p>\n\n\n\n<p class=\"has-text-align-center\">Finde uns auch auf: <a href=\"https:\/\/www.social-club-maps.de\/club\/gras-und-hash-ev\/\" target=\"_blank\" rel=\"noreferrer noopener\">social-club-maps.de<\/a><a href=\"https:\/\/www.social-club-maps.de\/club\/gras-und-hash-ev\/\" target=\"_blank\" rel=\"noreferrer noopener\"><\/a><a href=\"https:\/\/www.social-club-maps.de\/club\/gras-und-hash-ev\/\" target=\"_blank\" rel=\"noreferrer noopener\"><\/a><a href=\"https:\/\/www.social-club-maps.de\/club\/gras-und-hash-ev\/\" target=\"_blank\" rel=\"noreferrer noopener\"><\/a><\/p>\n","protected":false},"excerpt":{"rendered":"<p>Moin,Wir laden euch herzlich ein, Mitglied im Gras &amp; Hasch e.V. zu werden\u2013 eurem Cannabis Social Club in L\u00fcneburg. Wir sind ein engagierter Verein, der sich f\u00fcr einen verantwortungsbewussten, informierten und offenen Umgang mit Cannabis stark macht. Unsere Mitglieder haben Zugang zu getestetem sauberem Cannabis, verschiedenen Hasch-Produkten und die M\u00f6glichkeit an Informationsveranstaltungen und Events des &#8230; <a title=\"Anmeldung\" class=\"read-more\" href=\"https:\/\/grasundhasch.net\/\" aria-label=\"Mehr zu Anmeldung\">Weiterlesen &#8230;<\/a><\/p>\n","protected":false},"author":2,"featured_media":4529,"parent":0,"menu_order":0,"comment_status":"closed","ping_status":"closed","template":"","meta":{"footnotes":""},"class_list":["post-3554","page","type-page","status-publish","has-post-thumbnail","hentry","resize-featured-image"],"yoast_head":"<!-- This site is optimized with the Yoast SEO plugin v27.3 - https:\/\/yoast.com\/product\/yoast-seo-wordpress\/ -->\n<title>Anmeldung - Gras &amp; Hasch Verein L\u00fcneburg<\/title>\n<meta name=\"description\" content=\"G &amp; H e.V., euer Cannabis Club in L\u00fcneburg! Unser Hauptanliegen ist es euch ein gro\u00dfes Spektrum an Geschmacks &amp; Wirkungsprofilen zug\u00e4nglich zu machen.\" \/>\n<meta name=\"robots\" content=\"index, follow, max-snippet:-1, max-image-preview:large, max-video-preview:-1\" \/>\n<link rel=\"canonical\" href=\"https:\/\/grasundhasch.net\/\" \/>\n<meta property=\"og:locale\" content=\"de_DE\" \/>\n<meta property=\"og:type\" content=\"article\" \/>\n<meta property=\"og:title\" content=\"Anmeldung - Gras &amp; Hasch Verein L\u00fcneburg\" \/>\n<meta property=\"og:description\" content=\"G &amp; H e.V., euer Cannabis Club in L\u00fcneburg! Unser Hauptanliegen ist es euch ein gro\u00dfes Spektrum an Geschmacks &amp; Wirkungsprofilen zug\u00e4nglich zu machen.\" \/>\n<meta property=\"og:url\" content=\"https:\/\/grasundhasch.net\/\" \/>\n<meta property=\"og:site_name\" content=\"Gras &amp; Hasch Verein L\u00fcneburg\" \/>\n<meta property=\"article:modified_time\" content=\"2026-02-20T21:45:14+00:00\" \/>\n<meta property=\"og:image\" content=\"https:\/\/grasundhasch.net\/wp-content\/uploads\/2025\/01\/dfiughdfiuhvdifuh-scaled.jpg\" \/>\n\t<meta property=\"og:image:width\" content=\"2560\" \/>\n\t<meta property=\"og:image:height\" content=\"1536\" \/>\n\t<meta property=\"og:image:type\" content=\"image\/jpeg\" \/>\n<meta name=\"twitter:card\" content=\"summary_large_image\" \/>\n<meta name=\"twitter:label1\" content=\"Gesch\u00e4tzte Lesezeit\" \/>\n\t<meta name=\"twitter:data1\" content=\"1\u00a0Minute\" \/>\n<script type=\"application\/ld+json\" class=\"yoast-schema-graph\">{\"@context\":\"https:\\\/\\\/schema.org\",\"@graph\":[{\"@type\":\"WebPage\",\"@id\":\"https:\\\/\\\/grasundhasch.net\\\/\",\"url\":\"https:\\\/\\\/grasundhasch.net\\\/\",\"name\":\"Anmeldung - Gras &amp; Hasch Verein L\u00fcneburg\",\"isPartOf\":{\"@id\":\"https:\\\/\\\/grasundhasch.net\\\/#website\"},\"primaryImageOfPage\":{\"@id\":\"https:\\\/\\\/grasundhasch.net\\\/#primaryimage\"},\"image\":{\"@id\":\"https:\\\/\\\/grasundhasch.net\\\/#primaryimage\"},\"thumbnailUrl\":\"https:\\\/\\\/grasundhasch.net\\\/wp-content\\\/uploads\\\/2025\\\/01\\\/dfiughdfiuhvdifuh-scaled.jpg\",\"datePublished\":\"2024-05-23T10:35:36+00:00\",\"dateModified\":\"2026-02-20T21:45:14+00:00\",\"description\":\"G & H e.V., euer Cannabis Club in L\u00fcneburg! Unser Hauptanliegen ist es euch ein gro\u00dfes Spektrum an Geschmacks & Wirkungsprofilen zug\u00e4nglich zu machen.\",\"breadcrumb\":{\"@id\":\"https:\\\/\\\/grasundhasch.net\\\/#breadcrumb\"},\"inLanguage\":\"de\",\"potentialAction\":[{\"@type\":\"ReadAction\",\"target\":[\"https:\\\/\\\/grasundhasch.net\\\/\"]}]},{\"@type\":\"ImageObject\",\"inLanguage\":\"de\",\"@id\":\"https:\\\/\\\/grasundhasch.net\\\/#primaryimage\",\"url\":\"https:\\\/\\\/grasundhasch.net\\\/wp-content\\\/uploads\\\/2025\\\/01\\\/dfiughdfiuhvdifuh-scaled.jpg\",\"contentUrl\":\"https:\\\/\\\/grasundhasch.net\\\/wp-content\\\/uploads\\\/2025\\\/01\\\/dfiughdfiuhvdifuh-scaled.jpg\",\"width\":2560,\"height\":1536},{\"@type\":\"BreadcrumbList\",\"@id\":\"https:\\\/\\\/grasundhasch.net\\\/#breadcrumb\",\"itemListElement\":[{\"@type\":\"ListItem\",\"position\":1,\"name\":\"Startseite\",\"item\":\"https:\\\/\\\/grasundhasch.net\\\/\"},{\"@type\":\"ListItem\",\"position\":2,\"name\":\"Anmeldung\"}]},{\"@type\":\"WebSite\",\"@id\":\"https:\\\/\\\/grasundhasch.net\\\/#website\",\"url\":\"https:\\\/\\\/grasundhasch.net\\\/\",\"name\":\"grasundhasch.net\",\"description\":\"Gras &amp; Hasch Cannabis Club  L\u00fcneburg\",\"publisher\":{\"@id\":\"https:\\\/\\\/grasundhasch.net\\\/#organization\"},\"potentialAction\":[{\"@type\":\"SearchAction\",\"target\":{\"@type\":\"EntryPoint\",\"urlTemplate\":\"https:\\\/\\\/grasundhasch.net\\\/?s={search_term_string}\"},\"query-input\":{\"@type\":\"PropertyValueSpecification\",\"valueRequired\":true,\"valueName\":\"search_term_string\"}}],\"inLanguage\":\"de\"},{\"@type\":\"Organization\",\"@id\":\"https:\\\/\\\/grasundhasch.net\\\/#organization\",\"name\":\"Gras & Hasch e.V.\",\"url\":\"https:\\\/\\\/grasundhasch.net\\\/\",\"logo\":{\"@type\":\"ImageObject\",\"inLanguage\":\"de\",\"@id\":\"https:\\\/\\\/grasundhasch.net\\\/#\\\/schema\\\/logo\\\/image\\\/\",\"url\":\"https:\\\/\\\/grasundhasch.net\\\/wp-content\\\/uploads\\\/2025\\\/01\\\/gras_hasch_wallpaper_2_werdasliestisteinpothead-scaled.jpg\",\"contentUrl\":\"https:\\\/\\\/grasundhasch.net\\\/wp-content\\\/uploads\\\/2025\\\/01\\\/gras_hasch_wallpaper_2_werdasliestisteinpothead-scaled.jpg\",\"width\":2560,\"height\":1440,\"caption\":\"Gras & Hasch e.V.\"},\"image\":{\"@id\":\"https:\\\/\\\/grasundhasch.net\\\/#\\\/schema\\\/logo\\\/image\\\/\"}}]}<\/script>\n<!-- \/ Yoast SEO plugin. -->","yoast_head_json":{"title":"Anmeldung - Gras &amp; Hasch Verein L\u00fcneburg","description":"G & H e.V., euer Cannabis Club in L\u00fcneburg! Unser Hauptanliegen ist es euch ein gro\u00dfes Spektrum an Geschmacks & Wirkungsprofilen zug\u00e4nglich zu machen.","robots":{"index":"index","follow":"follow","max-snippet":"max-snippet:-1","max-image-preview":"max-image-preview:large","max-video-preview":"max-video-preview:-1"},"canonical":"https:\/\/grasundhasch.net\/","og_locale":"de_DE","og_type":"article","og_title":"Anmeldung - Gras &amp; Hasch Verein L\u00fcneburg","og_description":"G & H e.V., euer Cannabis Club in L\u00fcneburg! Unser Hauptanliegen ist es euch ein gro\u00dfes Spektrum an Geschmacks & Wirkungsprofilen zug\u00e4nglich zu machen.","og_url":"https:\/\/grasundhasch.net\/","og_site_name":"Gras &amp; Hasch Verein L\u00fcneburg","article_modified_time":"2026-02-20T21:45:14+00:00","og_image":[{"width":2560,"height":1536,"url":"https:\/\/grasundhasch.net\/wp-content\/uploads\/2025\/01\/dfiughdfiuhvdifuh-scaled.jpg","type":"image\/jpeg"}],"twitter_card":"summary_large_image","twitter_misc":{"Gesch\u00e4tzte Lesezeit":"1\u00a0Minute"},"schema":{"@context":"https:\/\/schema.org","@graph":[{"@type":"WebPage","@id":"https:\/\/grasundhasch.net\/","url":"https:\/\/grasundhasch.net\/","name":"Anmeldung - Gras &amp; Hasch Verein L\u00fcneburg","isPartOf":{"@id":"https:\/\/grasundhasch.net\/#website"},"primaryImageOfPage":{"@id":"https:\/\/grasundhasch.net\/#primaryimage"},"image":{"@id":"https:\/\/grasundhasch.net\/#primaryimage"},"thumbnailUrl":"https:\/\/grasundhasch.net\/wp-content\/uploads\/2025\/01\/dfiughdfiuhvdifuh-scaled.jpg","datePublished":"2024-05-23T10:35:36+00:00","dateModified":"2026-02-20T21:45:14+00:00","description":"G & H e.V., euer Cannabis Club in L\u00fcneburg! Unser Hauptanliegen ist es euch ein gro\u00dfes Spektrum an Geschmacks & Wirkungsprofilen zug\u00e4nglich zu machen.","breadcrumb":{"@id":"https:\/\/grasundhasch.net\/#breadcrumb"},"inLanguage":"de","potentialAction":[{"@type":"ReadAction","target":["https:\/\/grasundhasch.net\/"]}]},{"@type":"ImageObject","inLanguage":"de","@id":"https:\/\/grasundhasch.net\/#primaryimage","url":"https:\/\/grasundhasch.net\/wp-content\/uploads\/2025\/01\/dfiughdfiuhvdifuh-scaled.jpg","contentUrl":"https:\/\/grasundhasch.net\/wp-content\/uploads\/2025\/01\/dfiughdfiuhvdifuh-scaled.jpg","width":2560,"height":1536},{"@type":"BreadcrumbList","@id":"https:\/\/grasundhasch.net\/#breadcrumb","itemListElement":[{"@type":"ListItem","position":1,"name":"Startseite","item":"https:\/\/grasundhasch.net\/"},{"@type":"ListItem","position":2,"name":"Anmeldung"}]},{"@type":"WebSite","@id":"https:\/\/grasundhasch.net\/#website","url":"https:\/\/grasundhasch.net\/","name":"grasundhasch.net","description":"Gras &amp; Hasch Cannabis Club  L\u00fcneburg","publisher":{"@id":"https:\/\/grasundhasch.net\/#organization"},"potentialAction":[{"@type":"SearchAction","target":{"@type":"EntryPoint","urlTemplate":"https:\/\/grasundhasch.net\/?s={search_term_string}"},"query-input":{"@type":"PropertyValueSpecification","valueRequired":true,"valueName":"search_term_string"}}],"inLanguage":"de"},{"@type":"Organization","@id":"https:\/\/grasundhasch.net\/#organization","name":"Gras & Hasch e.V.","url":"https:\/\/grasundhasch.net\/","logo":{"@type":"ImageObject","inLanguage":"de","@id":"https:\/\/grasundhasch.net\/#\/schema\/logo\/image\/","url":"https:\/\/grasundhasch.net\/wp-content\/uploads\/2025\/01\/gras_hasch_wallpaper_2_werdasliestisteinpothead-scaled.jpg","contentUrl":"https:\/\/grasundhasch.net\/wp-content\/uploads\/2025\/01\/gras_hasch_wallpaper_2_werdasliestisteinpothead-scaled.jpg","width":2560,"height":1440,"caption":"Gras & Hasch e.V."},"image":{"@id":"https:\/\/grasundhasch.net\/#\/schema\/logo\/image\/"}}]}},"_links":{"self":[{"href":"https:\/\/grasundhasch.net\/index.php?rest_route=\/wp\/v2\/pages\/3554","targetHints":{"allow":["GET"]}}],"collection":[{"href":"https:\/\/grasundhasch.net\/index.php?rest_route=\/wp\/v2\/pages"}],"about":[{"href":"https:\/\/grasundhasch.net\/index.php?rest_route=\/wp\/v2\/types\/page"}],"author":[{"embeddable":true,"href":"https:\/\/grasundhasch.net\/index.php?rest_route=\/wp\/v2\/users\/2"}],"replies":[{"embeddable":true,"href":"https:\/\/grasundhasch.net\/index.php?rest_route=%2Fwp%2Fv2%2Fcomments&post=3554"}],"version-history":[{"count":9,"href":"https:\/\/grasundhasch.net\/index.php?rest_route=\/wp\/v2\/pages\/3554\/revisions"}],"predecessor-version":[{"id":4966,"href":"https:\/\/grasundhasch.net\/index.php?rest_route=\/wp\/v2\/pages\/3554\/revisions\/4966"}],"wp:featuredmedia":[{"embeddable":true,"href":"https:\/\/grasundhasch.net\/index.php?rest_route=\/wp\/v2\/media\/4529"}],"wp:attachment":[{"href":"https:\/\/grasundhasch.net\/index.php?rest_route=%2Fwp%2Fv2%2Fmedia&parent=3554"}],"curies":[{"name":"wp","href":"https:\/\/api.w.org\/{rel}","templated":true}]}}