{"id":2,"date":"2024-05-23T08:47:01","date_gmt":"2024-05-23T08:47:01","guid":{"rendered":"http:\/\/grasundhasch.net\/?page_id=2"},"modified":"2026-04-08T17:27:14","modified_gmt":"2026-04-08T15:27:14","slug":"sample-page","status":"publish","type":"page","link":"https:\/\/grasundhasch.net\/?page_id=2","title":{"rendered":"Unsere Sorten und Produkte"},"content":{"rendered":"\n<h2 class=\"wp-block-heading\"><strong>Cannalope Haze<\/strong> (Bl\u00fcten)<\/h2>\n\n\n\n<p><\/p>\n\n\n\n<p>0&nbsp;% Indica \/ 100&nbsp;% Sativa<\/p>\n\n\n\n<p>Terpene: Melone, S\u00fc\u00dflich, Zitrone, Blumig<\/p>\n\n\n\n<p>Wirkung. Entspannt, Erhebend, Energiegeladen, Gl\u00fccklich, Zerebral<\/p>\n\n\n\n<p>Genetik: Mexican, Haze Brothers<\/p>\n\n\n\n<p>Z\u00fcchter: DNA Seeds<\/p>\n\n\n\n<h2 class=\"wp-block-heading\"><strong>Gazzurple<\/strong> (Bl\u00fcten)<\/h2>\n\n\n\n<p><\/p>\n\n\n\n<p>30&nbsp;% Indica \/ 70&nbsp;% Sativa<\/p>\n\n\n\n<p>Terpene: Klassisches Gas\/Kraftstoff, Beeren, Sahne<\/p>\n\n\n\n<p>Wirkung: Psychedelisch, energetisierend, erhebend<\/p>\n\n\n\n<p>Genetik: Gazzurple Bx2 x Poddy Mouth x Macaroon<\/p>\n\n\n\n<p>Z\u00fcchter: Humboldt Seed Company<\/p>\n\n\n\n<p><\/p>\n\n\n\n<h2 class=\"wp-block-heading\"><strong>MAC V2<\/strong> (Bl\u00fcten)<\/h2>\n\n\n\n<p><\/p>\n\n\n\n<p>Terpene: Zitronen, Diesel, Erdig<\/p>\n\n\n\n<p>Wirkung: Gl\u00fccklich, Entspannt<\/p>\n\n\n\n<p>M\u00f6gliche medizinische oder therapeutische Wirkungen:<\/p>\n\n\n\n<p>Erzeugt eine umfassende Entspannung, die dich satt und zufrieden in einem Zustand der Ruhe, sowohl geistig als auch k\u00f6rperlich, ohne jegliche Sorgen hinterl\u00e4sst.<\/p>\n\n\n\n<p>Genetik: Alien Cookies F2 x Miracle 15<\/p>\n\n\n\n<h2 class=\"wp-block-heading\"><strong>Runtz<\/strong> (Bl\u00fcten)<\/h2>\n\n\n\n<p>50% Sativa \/ 50% Indica<\/p>\n\n\n\n<p>Terpene: Fruchtig, Bonbon&#8217;s<\/p>\n\n\n\n<p>Wirkung: Entspannt, kreativ, euphorisch, erhebend<\/p>\n\n\n\n<p>Genetik: Zkittlez x Gelato<\/p>\n\n\n\n<p>Z\u00fcchter: Cookies Fam \/ Runtz Crew (USA)<\/p>\n\n\n\n<h2 class=\"wp-block-heading\"><strong>Slightly Stoopid Collie Man Kush<\/strong> (Bl\u00fcten)<\/h2>\n\n\n\n<p><\/p>\n\n\n\n<p>90&nbsp;% Indica \/ 10&nbsp;% Sativa<\/p>\n\n\n\n<p>Terpene: Gas\/Kraftstoff, erdig, leichte Zitrusnote<\/p>\n\n\n\n<p>Wirkung: beruhigend, entspannend<\/p>\n\n\n\n<p>M\u00f6gliche medizinische oder therapeutische Wirkungen:<\/p>\n\n\n\n<p>Bei Kush dominiert Indica und dadurch f\u00fchlt sich der Rausch k\u00f6rperlastiger an. Es wirkt entspannend und beruhigend. Der Kopf f\u00e4hrt runter und man sollte sich f\u00fcr den restlichen Tag eher weniger vornehmen. Indica, also Kush, wird nachgesagt, es sei stresslindernd und schlaff\u00f6rdernd.<\/p>\n\n\n\n<p>Genetik: Asphalt Plant, Humboldt Reserve OG und Collie Man Kush<\/p>\n\n\n\n<p>Z\u00fcchter: Humboldt Seed Company<\/p>\n\n\n\n<h2 class=\"wp-block-heading\"><strong>Amnesia<\/strong> <strong>Haze<\/strong> (Iceolator Hasch+ Bl\u00fcten)<\/h2>\n\n\n\n<p><\/p>\n\n\n\n<p>30&nbsp;% Indica \/ 70&nbsp;% Sativa<\/p>\n\n\n\n<p>Terpene: s\u00fc\u00df, fruchtig, w\u00fcrzig, erdig<\/p>\n\n\n\n<p>Wirkung: gem\u00fctsaufhellend, (geistig) aktivierend, energetisierend, entspannend, spacig\/ trippig, psychedelisch<\/p>\n\n\n\n<p>Genetik: Super Silver Haze<\/p>\n\n\n\n<p>Z\u00fcchter: Soma Seeds (exklusiver cut aus den Niederlanden.) <\/p>\n\n\n\n<p><\/p>\n\n\n\n<p><strong>Ende April \/ Anfang Mai stehen euch 8 weitere Sorten zur Verf\u00fcgung<\/strong>!<\/p>\n\n\n\n<p class=\"has-medium-font-size\"><\/p>\n\n\n\n<p><\/p>\n","protected":false},"excerpt":{"rendered":"<p>Cannalope Haze (Bl\u00fcten) 0&nbsp;% Indica \/ 100&nbsp;% Sativa Terpene: Melone, S\u00fc\u00dflich, Zitrone, Blumig Wirkung. Entspannt, Erhebend, Energiegeladen, Gl\u00fccklich, Zerebral Genetik: Mexican, Haze Brothers Z\u00fcchter: DNA Seeds Gazzurple (Bl\u00fcten) 30&nbsp;% Indica \/ 70&nbsp;% Sativa Terpene: Klassisches Gas\/Kraftstoff, Beeren, Sahne Wirkung: Psychedelisch, energetisierend, erhebend Genetik: Gazzurple Bx2 x Poddy Mouth x Macaroon Z\u00fcchter: Humboldt Seed Company MAC &#8230; <a title=\"Unsere Sorten und Produkte\" class=\"read-more\" href=\"https:\/\/grasundhasch.net\/?page_id=2\" aria-label=\"Mehr zu Unsere Sorten und Produkte\">Weiterlesen &#8230;<\/a><\/p>\n","protected":false},"author":2,"featured_media":0,"parent":0,"menu_order":0,"comment_status":"closed","ping_status":"closed","template":"","meta":{"footnotes":""},"class_list":["post-2","page","type-page","status-publish","hentry"],"yoast_head":"<!-- This site is optimized with the Yoast SEO plugin v27.3 - https:\/\/yoast.com\/product\/yoast-seo-wordpress\/ -->\n<title>Unsere Sorten und Produkte - Gras &amp; Hasch Verein L\u00fcneburg<\/title>\n<meta name=\"description\" content=\"Verf\u00fcgbare Cannabis Sorten im Anbauverein | Gras und Hasch CSC\" \/>\n<meta name=\"robots\" content=\"index, follow, max-snippet:-1, max-image-preview:large, max-video-preview:-1\" \/>\n<link rel=\"canonical\" href=\"https:\/\/grasundhasch.net\/?page_id=2\" \/>\n<meta property=\"og:locale\" content=\"de_DE\" \/>\n<meta property=\"og:type\" content=\"article\" \/>\n<meta property=\"og:title\" content=\"Unsere Sorten und Produkte - Gras &amp; Hasch Verein L\u00fcneburg\" \/>\n<meta property=\"og:description\" content=\"Verf\u00fcgbare Cannabis Sorten im Anbauverein | Gras und Hasch CSC\" \/>\n<meta property=\"og:url\" content=\"https:\/\/grasundhasch.net\/?page_id=2\" \/>\n<meta property=\"og:site_name\" content=\"Gras &amp; Hasch Verein L\u00fcneburg\" \/>\n<meta property=\"article:modified_time\" content=\"2026-04-08T15:27:14+00:00\" \/>\n<meta name=\"twitter:card\" content=\"summary_large_image\" \/>\n<meta name=\"twitter:label1\" content=\"Gesch\u00e4tzte Lesezeit\" \/>\n\t<meta name=\"twitter:data1\" content=\"2\u00a0Minuten\" \/>\n<script type=\"application\/ld+json\" class=\"yoast-schema-graph\">{\"@context\":\"https:\\\/\\\/schema.org\",\"@graph\":[{\"@type\":\"WebPage\",\"@id\":\"https:\\\/\\\/grasundhasch.net\\\/?page_id=2\",\"url\":\"https:\\\/\\\/grasundhasch.net\\\/?page_id=2\",\"name\":\"Unsere Sorten und Produkte - Gras &amp; Hasch Verein L\u00fcneburg\",\"isPartOf\":{\"@id\":\"https:\\\/\\\/grasundhasch.net\\\/#website\"},\"datePublished\":\"2024-05-23T08:47:01+00:00\",\"dateModified\":\"2026-04-08T15:27:14+00:00\",\"description\":\"Verf\u00fcgbare Cannabis Sorten im Anbauverein | Gras und Hasch CSC\",\"breadcrumb\":{\"@id\":\"https:\\\/\\\/grasundhasch.net\\\/?page_id=2#breadcrumb\"},\"inLanguage\":\"de\",\"potentialAction\":[{\"@type\":\"ReadAction\",\"target\":[\"https:\\\/\\\/grasundhasch.net\\\/?page_id=2\"]}]},{\"@type\":\"BreadcrumbList\",\"@id\":\"https:\\\/\\\/grasundhasch.net\\\/?page_id=2#breadcrumb\",\"itemListElement\":[{\"@type\":\"ListItem\",\"position\":1,\"name\":\"Startseite\",\"item\":\"https:\\\/\\\/grasundhasch.net\\\/\"},{\"@type\":\"ListItem\",\"position\":2,\"name\":\"Unsere Sorten und Produkte\"}]},{\"@type\":\"WebSite\",\"@id\":\"https:\\\/\\\/grasundhasch.net\\\/#website\",\"url\":\"https:\\\/\\\/grasundhasch.net\\\/\",\"name\":\"grasundhasch.net\",\"description\":\"Gras &amp; Hasch Cannabis Club  L\u00fcneburg\",\"publisher\":{\"@id\":\"https:\\\/\\\/grasundhasch.net\\\/#organization\"},\"potentialAction\":[{\"@type\":\"SearchAction\",\"target\":{\"@type\":\"EntryPoint\",\"urlTemplate\":\"https:\\\/\\\/grasundhasch.net\\\/?s={search_term_string}\"},\"query-input\":{\"@type\":\"PropertyValueSpecification\",\"valueRequired\":true,\"valueName\":\"search_term_string\"}}],\"inLanguage\":\"de\"},{\"@type\":\"Organization\",\"@id\":\"https:\\\/\\\/grasundhasch.net\\\/#organization\",\"name\":\"Gras & Hasch e.V.\",\"url\":\"https:\\\/\\\/grasundhasch.net\\\/\",\"logo\":{\"@type\":\"ImageObject\",\"inLanguage\":\"de\",\"@id\":\"https:\\\/\\\/grasundhasch.net\\\/#\\\/schema\\\/logo\\\/image\\\/\",\"url\":\"https:\\\/\\\/grasundhasch.net\\\/wp-content\\\/uploads\\\/2025\\\/01\\\/gras_hasch_wallpaper_2_werdasliestisteinpothead-scaled.jpg\",\"contentUrl\":\"https:\\\/\\\/grasundhasch.net\\\/wp-content\\\/uploads\\\/2025\\\/01\\\/gras_hasch_wallpaper_2_werdasliestisteinpothead-scaled.jpg\",\"width\":2560,\"height\":1440,\"caption\":\"Gras & Hasch e.V.\"},\"image\":{\"@id\":\"https:\\\/\\\/grasundhasch.net\\\/#\\\/schema\\\/logo\\\/image\\\/\"}}]}<\/script>\n<!-- \/ Yoast SEO plugin. -->","yoast_head_json":{"title":"Unsere Sorten und Produkte - Gras &amp; Hasch Verein L\u00fcneburg","description":"Verf\u00fcgbare Cannabis Sorten im Anbauverein | Gras und Hasch CSC","robots":{"index":"index","follow":"follow","max-snippet":"max-snippet:-1","max-image-preview":"max-image-preview:large","max-video-preview":"max-video-preview:-1"},"canonical":"https:\/\/grasundhasch.net\/?page_id=2","og_locale":"de_DE","og_type":"article","og_title":"Unsere Sorten und Produkte - Gras &amp; Hasch Verein L\u00fcneburg","og_description":"Verf\u00fcgbare Cannabis Sorten im Anbauverein | Gras und Hasch CSC","og_url":"https:\/\/grasundhasch.net\/?page_id=2","og_site_name":"Gras &amp; Hasch Verein L\u00fcneburg","article_modified_time":"2026-04-08T15:27:14+00:00","twitter_card":"summary_large_image","twitter_misc":{"Gesch\u00e4tzte Lesezeit":"2\u00a0Minuten"},"schema":{"@context":"https:\/\/schema.org","@graph":[{"@type":"WebPage","@id":"https:\/\/grasundhasch.net\/?page_id=2","url":"https:\/\/grasundhasch.net\/?page_id=2","name":"Unsere Sorten und Produkte - Gras &amp; Hasch Verein L\u00fcneburg","isPartOf":{"@id":"https:\/\/grasundhasch.net\/#website"},"datePublished":"2024-05-23T08:47:01+00:00","dateModified":"2026-04-08T15:27:14+00:00","description":"Verf\u00fcgbare Cannabis Sorten im Anbauverein | Gras und Hasch CSC","breadcrumb":{"@id":"https:\/\/grasundhasch.net\/?page_id=2#breadcrumb"},"inLanguage":"de","potentialAction":[{"@type":"ReadAction","target":["https:\/\/grasundhasch.net\/?page_id=2"]}]},{"@type":"BreadcrumbList","@id":"https:\/\/grasundhasch.net\/?page_id=2#breadcrumb","itemListElement":[{"@type":"ListItem","position":1,"name":"Startseite","item":"https:\/\/grasundhasch.net\/"},{"@type":"ListItem","position":2,"name":"Unsere Sorten und Produkte"}]},{"@type":"WebSite","@id":"https:\/\/grasundhasch.net\/#website","url":"https:\/\/grasundhasch.net\/","name":"grasundhasch.net","description":"Gras &amp; Hasch Cannabis Club  L\u00fcneburg","publisher":{"@id":"https:\/\/grasundhasch.net\/#organization"},"potentialAction":[{"@type":"SearchAction","target":{"@type":"EntryPoint","urlTemplate":"https:\/\/grasundhasch.net\/?s={search_term_string}"},"query-input":{"@type":"PropertyValueSpecification","valueRequired":true,"valueName":"search_term_string"}}],"inLanguage":"de"},{"@type":"Organization","@id":"https:\/\/grasundhasch.net\/#organization","name":"Gras & Hasch e.V.","url":"https:\/\/grasundhasch.net\/","logo":{"@type":"ImageObject","inLanguage":"de","@id":"https:\/\/grasundhasch.net\/#\/schema\/logo\/image\/","url":"https:\/\/grasundhasch.net\/wp-content\/uploads\/2025\/01\/gras_hasch_wallpaper_2_werdasliestisteinpothead-scaled.jpg","contentUrl":"https:\/\/grasundhasch.net\/wp-content\/uploads\/2025\/01\/gras_hasch_wallpaper_2_werdasliestisteinpothead-scaled.jpg","width":2560,"height":1440,"caption":"Gras & Hasch e.V."},"image":{"@id":"https:\/\/grasundhasch.net\/#\/schema\/logo\/image\/"}}]}},"_links":{"self":[{"href":"https:\/\/grasundhasch.net\/index.php?rest_route=\/wp\/v2\/pages\/2","targetHints":{"allow":["GET"]}}],"collection":[{"href":"https:\/\/grasundhasch.net\/index.php?rest_route=\/wp\/v2\/pages"}],"about":[{"href":"https:\/\/grasundhasch.net\/index.php?rest_route=\/wp\/v2\/types\/page"}],"author":[{"embeddable":true,"href":"https:\/\/grasundhasch.net\/index.php?rest_route=\/wp\/v2\/users\/2"}],"replies":[{"embeddable":true,"href":"https:\/\/grasundhasch.net\/index.php?rest_route=%2Fwp%2Fv2%2Fcomments&post=2"}],"version-history":[{"count":10,"href":"https:\/\/grasundhasch.net\/index.php?rest_route=\/wp\/v2\/pages\/2\/revisions"}],"predecessor-version":[{"id":4975,"href":"https:\/\/grasundhasch.net\/index.php?rest_route=\/wp\/v2\/pages\/2\/revisions\/4975"}],"wp:attachment":[{"href":"https:\/\/grasundhasch.net\/index.php?rest_route=%2Fwp%2Fv2%2Fmedia&parent=2"}],"curies":[{"name":"wp","href":"https:\/\/api.w.org\/{rel}","templated":true}]}}